{"id":1866,"date":"2023-05-30T17:39:09","date_gmt":"2023-05-30T23:39:09","guid":{"rendered":"https:\/\/gremialdeseguridad.com.gt\/?page_id=1866"},"modified":"2026-02-10T15:57:43","modified_gmt":"2026-02-10T21:57:43","slug":"directorio","status":"publish","type":"page","link":"https:\/\/gremialdeseguridad.com.gt\/?page_id=1866","title":{"rendered":"DIRECTORIO EMPRESARIAL"},"content":{"rendered":"<p><span style=\"font-size: 16px;\">Consulte el listado oficial de empresas de seguridad privada afiliadas a la Gremial. Para comunicarse con alguna empresa deber\u00e1 hacerlo directamente al n\u00famero de tel\u00e9fono que aparece registrado en cada apartado.\u00a0<\/span><\/p>\n\n","protected":false},"excerpt":{"rendered":"<p>Consulte el listado oficial de empresas de seguridad privada afiliadas a la Gremial. Para comunicarse con alguna empresa deber\u00e1 hacerlo directamente al n\u00famero de tel\u00e9fono que aparece registrado en cada apartado.\u00a0<\/p>\n","protected":false},"author":2,"featured_media":0,"parent":0,"menu_order":0,"comment_status":"closed","ping_status":"closed","template":"templates\/template-page-full-width.php","meta":{"footnotes":""},"class_list":["post-1866","page","type-page","status-publish","hentry"],"post_mailing_queue_ids":[],"_links":{"self":[{"href":"https:\/\/gremialdeseguridad.com.gt\/index.php?rest_route=\/wp\/v2\/pages\/1866","targetHints":{"allow":["GET"]}}],"collection":[{"href":"https:\/\/gremialdeseguridad.com.gt\/index.php?rest_route=\/wp\/v2\/pages"}],"about":[{"href":"https:\/\/gremialdeseguridad.com.gt\/index.php?rest_route=\/wp\/v2\/types\/page"}],"author":[{"embeddable":true,"href":"https:\/\/gremialdeseguridad.com.gt\/index.php?rest_route=\/wp\/v2\/users\/2"}],"replies":[{"embeddable":true,"href":"https:\/\/gremialdeseguridad.com.gt\/index.php?rest_route=%2Fwp%2Fv2%2Fcomments&post=1866"}],"version-history":[{"count":9,"href":"https:\/\/gremialdeseguridad.com.gt\/index.php?rest_route=\/wp\/v2\/pages\/1866\/revisions"}],"predecessor-version":[{"id":2563,"href":"https:\/\/gremialdeseguridad.com.gt\/index.php?rest_route=\/wp\/v2\/pages\/1866\/revisions\/2563"}],"wp:attachment":[{"href":"https:\/\/gremialdeseguridad.com.gt\/index.php?rest_route=%2Fwp%2Fv2%2Fmedia&parent=1866"}],"curies":[{"name":"wp","href":"https:\/\/api.w.org\/{rel}","templated":true}]}}