{"id":2565,"date":"2026-02-10T16:04:30","date_gmt":"2026-02-10T22:04:30","guid":{"rendered":"https:\/\/gremialdeseguridad.com.gt\/?page_id=2565"},"modified":"2026-02-10T16:04:30","modified_gmt":"2026-02-10T22:04:30","slug":"beneficios","status":"publish","type":"page","link":"https:\/\/gremialdeseguridad.com.gt\/?page_id=2565","title":{"rendered":"BENEFICIOS"},"content":{"rendered":"<p>En la Gremial de Compa\u00f1\u00edas de Seguridad Privada nos comprometemos a brindar a nuestros agremiados una amplia variedad de beneficios. Estos beneficios se ofrecen sin costo, lo que representa una significativa ventaja para quienes forman parte de nuestra organizaci\u00f3n.<\/p>\n<p>Adem\u00e1s de los beneficios gratuitos, ponemos a disposici\u00f3n de nuestros miembros servicios especializados a precios accesibles. De esta manera, facilitamos que las empresas agremiadas puedan obtener soluciones eficaces y adaptadas a sus necesidades, manteniendo siempre la calidad y la responsabilidad.<\/p>\n","protected":false},"excerpt":{"rendered":"<p>En la Gremial de Compa\u00f1\u00edas de Seguridad Privada nos comprometemos a brindar a nuestros agremiados una amplia variedad de beneficios. Estos beneficios se ofrecen sin costo, lo que representa una significativa ventaja para quienes forman parte de nuestra organizaci\u00f3n. Adem\u00e1s de los beneficios gratuitos, ponemos a disposici\u00f3n de nuestros miembros servicios especializados a precios accesibles. [&hellip;]<\/p>\n","protected":false},"author":2,"featured_media":0,"parent":0,"menu_order":0,"comment_status":"closed","ping_status":"closed","template":"","meta":{"footnotes":""},"class_list":["post-2565","page","type-page","status-publish","hentry"],"post_mailing_queue_ids":[],"_links":{"self":[{"href":"https:\/\/gremialdeseguridad.com.gt\/index.php?rest_route=\/wp\/v2\/pages\/2565","targetHints":{"allow":["GET"]}}],"collection":[{"href":"https:\/\/gremialdeseguridad.com.gt\/index.php?rest_route=\/wp\/v2\/pages"}],"about":[{"href":"https:\/\/gremialdeseguridad.com.gt\/index.php?rest_route=\/wp\/v2\/types\/page"}],"author":[{"embeddable":true,"href":"https:\/\/gremialdeseguridad.com.gt\/index.php?rest_route=\/wp\/v2\/users\/2"}],"replies":[{"embeddable":true,"href":"https:\/\/gremialdeseguridad.com.gt\/index.php?rest_route=%2Fwp%2Fv2%2Fcomments&post=2565"}],"version-history":[{"count":1,"href":"https:\/\/gremialdeseguridad.com.gt\/index.php?rest_route=\/wp\/v2\/pages\/2565\/revisions"}],"predecessor-version":[{"id":2566,"href":"https:\/\/gremialdeseguridad.com.gt\/index.php?rest_route=\/wp\/v2\/pages\/2565\/revisions\/2566"}],"wp:attachment":[{"href":"https:\/\/gremialdeseguridad.com.gt\/index.php?rest_route=%2Fwp%2Fv2%2Fmedia&parent=2565"}],"curies":[{"name":"wp","href":"https:\/\/api.w.org\/{rel}","templated":true}]}}