{"id":47,"date":"2017-07-31T18:01:54","date_gmt":"2017-08-01T00:01:54","guid":{"rendered":"https:\/\/gremialdeseguridad.com\/?page_id=47"},"modified":"2026-02-10T15:52:26","modified_gmt":"2026-02-10T21:52:26","slug":"acerca-de-nosotros","status":"publish","type":"page","link":"https:\/\/gremialdeseguridad.com.gt\/?page_id=47","title":{"rendered":"QUIENES SOMOS"},"content":{"rendered":"<p>La Gremial de Compa\u00f1\u00edas de Seguridad Privada es una entidad adscrita a C\u00e1mara de Comercio de Guatemala que representa a las empresas formales del sector, impulsa la profesionalizaci\u00f3n, promueve el cumplimiento normativo y vela por la dignificaci\u00f3n del personal operativo.<\/p>\n<p>Somos la Entidad L\u00edder y Representativa de la Seguridad Privada en Guatemala.<\/p>\n<h1><strong><i class=\"far fa-bookmark \" ><\/i> <\/strong><strong>Misi\u00f3n:<\/strong><\/h1>\n<p>Somos un gremio fuerte constituido para servir de plataforma a las empresas de seguridad de nuestro pa\u00eds, para ampararlas y asesorarlas en su desarrollo. Nuestro objetivo es defender los intereses de las empresas agremiadas, y tambi\u00e9n ofrecer un respaldo de calidad y legalidad ante sus clientes, prestando un mejor servicio de seguridad privada.<!--more--><\/p>\n<h1><strong><i class=\"far fa-bookmark \" ><\/i> <\/strong><strong>Visi\u00f3n:<\/strong><\/h1>\n<p>Ser la organizaci\u00f3n l\u00edder del sector empresarial de la seguridad privada, guiando el desarrollo de sus miembros a trav\u00e9s del estricto cumplimiento de la ley. Queremos contribuir conjuntamente con el Estado a crear un clima de seguridad que permita el libre desarrollo de todas las actividades de nuestra naci\u00f3n.<\/p>\n<p><!--more--><\/p>\n<h1><strong><i class=\"far fa-bookmark \" ><\/i> <\/strong><strong>Objetivo General:<\/strong><\/h1>\n<p>Velar por la profesionalizaci\u00f3n y optimizaci\u00f3n de los servicios que presten los agremiados en beneficio de la sociedad guatemalteca.<\/p>\n","protected":false},"excerpt":{"rendered":"<p>La Gremial de Compa\u00f1\u00edas de Seguridad Privada es una entidad adscrita a C\u00e1mara de Comercio de Guatemala que representa a las empresas formales del sector, impulsa la profesionalizaci\u00f3n, promueve el cumplimiento normativo y vela por la dignificaci\u00f3n del personal operativo. Somos la Entidad L\u00edder y Representativa de la Seguridad Privada en Guatemala. Misi\u00f3n: Somos un [&hellip;]<\/p>\n","protected":false},"author":2,"featured_media":0,"parent":0,"menu_order":0,"comment_status":"closed","ping_status":"closed","template":"templates\/template-page-full-width.php","meta":{"footnotes":""},"class_list":["post-47","page","type-page","status-publish","hentry"],"post_mailing_queue_ids":[],"_links":{"self":[{"href":"https:\/\/gremialdeseguridad.com.gt\/index.php?rest_route=\/wp\/v2\/pages\/47","targetHints":{"allow":["GET"]}}],"collection":[{"href":"https:\/\/gremialdeseguridad.com.gt\/index.php?rest_route=\/wp\/v2\/pages"}],"about":[{"href":"https:\/\/gremialdeseguridad.com.gt\/index.php?rest_route=\/wp\/v2\/types\/page"}],"author":[{"embeddable":true,"href":"https:\/\/gremialdeseguridad.com.gt\/index.php?rest_route=\/wp\/v2\/users\/2"}],"replies":[{"embeddable":true,"href":"https:\/\/gremialdeseguridad.com.gt\/index.php?rest_route=%2Fwp%2Fv2%2Fcomments&post=47"}],"version-history":[{"count":13,"href":"https:\/\/gremialdeseguridad.com.gt\/index.php?rest_route=\/wp\/v2\/pages\/47\/revisions"}],"predecessor-version":[{"id":2557,"href":"https:\/\/gremialdeseguridad.com.gt\/index.php?rest_route=\/wp\/v2\/pages\/47\/revisions\/2557"}],"wp:attachment":[{"href":"https:\/\/gremialdeseguridad.com.gt\/index.php?rest_route=%2Fwp%2Fv2%2Fmedia&parent=47"}],"curies":[{"name":"wp","href":"https:\/\/api.w.org\/{rel}","templated":true}]}}