{"id":735,"date":"2023-02-10T19:56:24","date_gmt":"2023-02-10T19:56:24","guid":{"rendered":"https:\/\/gremialdeseguridad.com.gt\/infoguardias\/business-directory\/"},"modified":"2023-02-13T21:03:23","modified_gmt":"2023-02-13T21:03:23","slug":"business-directory","status":"publish","type":"page","link":"https:\/\/gremialdeseguridad.com.gt\/infoguardias\/","title":{"rendered":"INFOGUARDIAS"},"content":{"rendered":"\r\n<p class=\"has-text-align-center\">Este es un servicio exclusivo que presta la <a href=\"https:\/\/gremialdeseguridad.com.gt\/\" data-type=\"URL\" data-id=\"https:\/\/gremialdeseguridad.com.gt\/\">Gremial de Compa\u00f1\u00edas de Seguridad Privada<\/a> a las empresas de seguridad privada que se encuentran agremiadas para consultar los datos de guardias que han tenido problema de cualquier \u00edndole en las diferentes empresas de seguridad.<\/p>\r\n\r\n\r\n\r\n<p class=\"has-text-align-center\">Para consultar o agregar informaci\u00f3n es necesario contar con un usuario y contrase\u00f1a, mismos que son creados por la Gremial. Para solicitar creaci\u00f3n de usuario y contrase\u00f1a debe comunicarse a la oficina de la Gremial.<\/p>\r\n<p>&nbsp;<\/p>\r\n<p>&nbsp;<\/p>\r\n","protected":false},"excerpt":{"rendered":"<p>Este es un servicio exclusivo que presta la Gremial de Compa\u00f1\u00edas de Seguridad Privada a las empresas de seguridad privada que se encuentran agremiadas para consultar los datos de guardias que han tenido problema de cualquier \u00edndole en las diferentes empresas de seguridad. Para consultar o agregar informaci\u00f3n es necesario contar con un usuario y [&hellip;]<\/p>\n","protected":false},"author":6,"featured_media":0,"parent":0,"menu_order":0,"comment_status":"closed","ping_status":"closed","template":"","meta":{"footnotes":""},"class_list":["post-735","page","type-page","status-publish","hentry"],"_links":{"self":[{"href":"https:\/\/gremialdeseguridad.com.gt\/infoguardias\/wp-json\/wp\/v2\/pages\/735","targetHints":{"allow":["GET"]}}],"collection":[{"href":"https:\/\/gremialdeseguridad.com.gt\/infoguardias\/wp-json\/wp\/v2\/pages"}],"about":[{"href":"https:\/\/gremialdeseguridad.com.gt\/infoguardias\/wp-json\/wp\/v2\/types\/page"}],"author":[{"embeddable":true,"href":"https:\/\/gremialdeseguridad.com.gt\/infoguardias\/wp-json\/wp\/v2\/users\/6"}],"replies":[{"embeddable":true,"href":"https:\/\/gremialdeseguridad.com.gt\/infoguardias\/wp-json\/wp\/v2\/comments?post=735"}],"version-history":[{"count":7,"href":"https:\/\/gremialdeseguridad.com.gt\/infoguardias\/wp-json\/wp\/v2\/pages\/735\/revisions"}],"predecessor-version":[{"id":915,"href":"https:\/\/gremialdeseguridad.com.gt\/infoguardias\/wp-json\/wp\/v2\/pages\/735\/revisions\/915"}],"wp:attachment":[{"href":"https:\/\/gremialdeseguridad.com.gt\/infoguardias\/wp-json\/wp\/v2\/media?parent=735"}],"curies":[{"name":"wp","href":"https:\/\/api.w.org\/{rel}","templated":true}]}}